{"id":1275,"date":"2023-03-07T14:04:17","date_gmt":"2023-03-07T17:04:17","guid":{"rendered":"https:\/\/ens30-sfe.infd.edu.ar\/sitio\/?page_id=1275"},"modified":"2026-03-18T12:50:25","modified_gmt":"2026-03-18T15:50:25","slug":"propedeutico","status":"publish","type":"page","link":"https:\/\/ens30-sfe.infd.edu.ar\/sitio\/propedeutico\/","title":{"rendered":"Proped\u00e9utico 2026"},"content":{"rendered":"<div class=\"wp-block-image is-style-rounded\">\n<figure class=\"aligncenter size-full\"><img decoding=\"async\" loading=\"lazy\" width=\"940\" height=\"788\" src=\"https:\/\/ens30-sfe.infd.edu.ar\/sitio\/wp-content\/uploads\/2026\/03\/Curso-Introductorio-1.png\" alt=\"\" class=\"wp-image-1517\" srcset=\"https:\/\/ens30-sfe.infd.edu.ar\/sitio\/wp-content\/uploads\/2026\/03\/Curso-Introductorio-1.png 940w, https:\/\/ens30-sfe.infd.edu.ar\/sitio\/wp-content\/uploads\/2026\/03\/Curso-Introductorio-1-768x644.png 768w\" sizes=\"(max-width: 940px) 100vw, 940px\" \/><\/figure><\/div>\n\n\n<h2 class=\"wp-block-heading\">Cronograma 2026<\/h2>\n\n\n\n<figure class=\"wp-block-gallery has-nested-images columns-default is-cropped wp-block-gallery-1 is-layout-flex\">\n<figure class=\"wp-block-image size-full\"><a href=\"https:\/\/ens30-sfe.infd.edu.ar\/sitio\/wp-content\/uploads\/2026\/03\/Cronograma-CURSO-INTRODUCTORIO-2026-4_page-0001.jpg\"><img decoding=\"async\" loading=\"lazy\" width=\"1755\" height=\"1242\" data-id=\"1521\"  src=\"https:\/\/ens30-sfe.infd.edu.ar\/sitio\/wp-content\/uploads\/2026\/03\/Cronograma-CURSO-INTRODUCTORIO-2026-4_page-0001.jpg\" alt=\"\" class=\"wp-image-1521\" srcset=\"https:\/\/ens30-sfe.infd.edu.ar\/sitio\/wp-content\/uploads\/2026\/03\/Cronograma-CURSO-INTRODUCTORIO-2026-4_page-0001.jpg 1755w, https:\/\/ens30-sfe.infd.edu.ar\/sitio\/wp-content\/uploads\/2026\/03\/Cronograma-CURSO-INTRODUCTORIO-2026-4_page-0001-1000x708.jpg 1000w, https:\/\/ens30-sfe.infd.edu.ar\/sitio\/wp-content\/uploads\/2026\/03\/Cronograma-CURSO-INTRODUCTORIO-2026-4_page-0001-768x544.jpg 768w, https:\/\/ens30-sfe.infd.edu.ar\/sitio\/wp-content\/uploads\/2026\/03\/Cronograma-CURSO-INTRODUCTORIO-2026-4_page-0001-1536x1087.jpg 1536w\" sizes=\"(max-width: 1755px) 100vw, 1755px\" \/><\/a><\/figure>\n<\/figure>\n\n\n\n<div class=\"wp-block-group is-vertical is-layout-flex wp-container-3\">\n<h2 class=\"wp-block-heading\">Lista de Materiales para Ingresantes <\/h2>\n\n\n\n<p><a href=\"https:\/\/drive.google.com\/file\/d\/1SoPMliDvTIC8Aeh2QYNnGRdsTSiMUH3l\/view?usp=sharing\" target=\"_blank\" rel=\"noreferrer noopener\">Manual del Ingresante<\/a><\/p>\n\n\n\n<p><a href=\"https:\/\/ens30-sfe.infd.edu.ar\/sitio\/wp-content\/uploads\/2025\/03\/4.-Ser-estudiante-de-Nivel-Superior.docx\">Ser Estudiante en el Nivel Superior<\/a><\/p>\n\n\n\n<p><a href=\"https:\/\/ens30-sfe.infd.edu.ar\/sitio\/wp-content\/uploads\/2025\/03\/3.-Area-de-informatica.pdf\">Campus Virtual-Inform\u00e1tica-<\/a><\/p>\n\n\n\n<p><a href=\"https:\/\/ens30-sfe.infd.edu.ar\/sitio\/wp-content\/uploads\/2025\/03\/5.-Areas-Integradas-Mov.-y-Cuerpo-Area-Estetico-expresiva-Psicologia-y-Sujeto-de-la-educacion.pdf\">\u00c1reas Integradas-Mov.y Cuerpo-\u00c1rea Est\u00e9tico Expresiva-Psicolog\u00eda-Sujeto de la Educaci\u00f3n<\/a><\/p>\n\n\n\n<p><a href=\"https:\/\/ens30-sfe.infd.edu.ar\/sitio\/wp-content\/uploads\/2025\/03\/9.-Movimiento-y-Cuerpo.pdf\">Movimiento y Cuerpo\/\u00c1rea Est\u00e9tico-Expresiva<\/a><\/p>\n\n\n\n<p><a href=\"https:\/\/ens30-sfe.infd.edu.ar\/sitio\/wp-content\/uploads\/2025\/03\/7.-Areas-Integradas-Lengua-y-Sociales-Migraciones.pdf\">Lengua y Ciencias Sociales<\/a><\/p>\n\n\n\n<p><a href=\"https:\/\/drive.google.com\/file\/d\/1sUlnVH8yakjHfD26MPz1lDwTH-WQ_hP1\/view?usp=sharing\">El pa\u00eds de Juan-Mar\u00eda Teresa Andruetto (Cuento)<\/a><\/p>\n\n\n\n<p><a href=\"https:\/\/ens30-sfe.infd.edu.ar\/sitio\/wp-content\/uploads\/2025\/03\/8.-Formacion-en-la-Practica-Profesional.doc\">Formaci\u00f3n en la Pr\u00e1ctica Profesional<\/a><\/p>\n\n\n\n<p><a href=\"https:\/\/ens30-sfe.infd.edu.ar\/sitio\/wp-content\/uploads\/2025\/03\/2.-Decreto-4199-RAM.pdf\">R\u00e9gimen Acad\u00e9mico Marco<\/a><\/p>\n<\/div>\n","protected":false},"excerpt":{"rendered":"<p>Cronograma 2026 Lista de Materiales para Ingresantes Manual del Ingresante Ser Estudiante en el Nivel Superior Campus Virtual-Inform\u00e1tica- \u00c1reas Integradas-Mov.y Cuerpo-\u00c1rea Est\u00e9tico Expresiva-Psicolog\u00eda-Sujeto de la Educaci\u00f3n Movimiento y Cuerpo\/\u00c1rea Est\u00e9tico-Expresiva Lengua y Ciencias Sociales El pa\u00eds de Juan-Mar\u00eda Teresa Andruetto (Cuento) Formaci\u00f3n en la Pr\u00e1ctica Profesional R\u00e9gimen Acad\u00e9mico Marco<\/p>\n","protected":false},"author":639,"featured_media":0,"parent":0,"menu_order":0,"comment_status":"closed","ping_status":"closed","template":"","meta":[],"acf":[],"_links":{"self":[{"href":"https:\/\/ens30-sfe.infd.edu.ar\/sitio\/wp-json\/wp\/v2\/pages\/1275"}],"collection":[{"href":"https:\/\/ens30-sfe.infd.edu.ar\/sitio\/wp-json\/wp\/v2\/pages"}],"about":[{"href":"https:\/\/ens30-sfe.infd.edu.ar\/sitio\/wp-json\/wp\/v2\/types\/page"}],"author":[{"embeddable":true,"href":"https:\/\/ens30-sfe.infd.edu.ar\/sitio\/wp-json\/wp\/v2\/users\/639"}],"replies":[{"embeddable":true,"href":"https:\/\/ens30-sfe.infd.edu.ar\/sitio\/wp-json\/wp\/v2\/comments?post=1275"}],"version-history":[{"count":25,"href":"https:\/\/ens30-sfe.infd.edu.ar\/sitio\/wp-json\/wp\/v2\/pages\/1275\/revisions"}],"predecessor-version":[{"id":1525,"href":"https:\/\/ens30-sfe.infd.edu.ar\/sitio\/wp-json\/wp\/v2\/pages\/1275\/revisions\/1525"}],"wp:attachment":[{"href":"https:\/\/ens30-sfe.infd.edu.ar\/sitio\/wp-json\/wp\/v2\/media?parent=1275"}],"curies":[{"name":"wp","href":"https:\/\/api.w.org\/{rel}","templated":true}]}}