{"id":286,"date":"2016-10-31T13:17:59","date_gmt":"2016-10-31T16:17:59","guid":{"rendered":"https:\/\/ens30-sfe.infd.edu.ar\/sitio\/?page_id=286"},"modified":"2025-11-13T09:42:46","modified_gmt":"2025-11-13T12:42:46","slug":"inicio","status":"publish","type":"page","link":"https:\/\/ens30-sfe.infd.edu.ar\/sitio\/","title":{"rendered":"Inicio"},"content":{"rendered":"<div id=\"metaslider-id-403\" style=\"width: 100%;\" class=\"ml-slider-3-33-0 metaslider metaslider-flex metaslider-403 ml-slider ms-theme-default\" role=\"region\" aria-roledescription=\"Slideshow\" aria-label=\"Slideshow\">\n    <div id=\"metaslider_container_403\">\n        <div id=\"metaslider_403\" class=\"flexslider\">\n            <ul aria-live=\"polite\" class=\"slides\">\n                <li style=\"display: block; width: 100%;\" class=\"slide-607 ms-image\" aria-roledescription=\"slide\" aria-label=\"slide-607\"><a href=\"https:\/\/mapa.infd.edu.ar\/\" target=\"_blank\"><img src=\"https:\/\/ens30-sfe.infd.edu.ar\/sitio\/wp-content\/uploads\/2018\/06\/mapa_infd6-1100x200.png\" height=\"200\" width=\"1100\" alt=\"\" class=\"slider-403 slide-607\" title=\"mapa_infd6\" \/><\/a><\/li>\n                <li style=\"display: none; width: 100%;\" class=\"slide-609 ms-image\" aria-roledescription=\"slide\" aria-label=\"slide-609\"><a href=\"https:\/\/www.argentina.gob.ar\/educacion\/becas\" target=\"_blank\"><img src=\"https:\/\/ens30-sfe.infd.edu.ar\/sitio\/wp-content\/uploads\/2018\/06\/becas7-1100x200.png\" height=\"200\" width=\"1100\" alt=\"\" class=\"slider-403 slide-609\" title=\"becas7\" \/><\/a><\/li>\n                <li style=\"display: none; width: 100%;\" class=\"slide-635 ms-image\" aria-roledescription=\"slide\" aria-label=\"slide-635\"><a href=\"https:\/\/www.argentina.gob.ar\/tema\/estudiar\/formacion-docencia\" target=\"_blank\"><img src=\"https:\/\/ens30-sfe.infd.edu.ar\/sitio\/wp-content\/uploads\/2018\/06\/convocatorias_slide6-1-1100x200.png\" height=\"200\" width=\"1100\" alt=\"\" class=\"slider-403 slide-635\" title=\"convocatorias_slide6-1\" \/><\/a><\/li>\n            <\/ul>\n        <\/div>\n        \n    <\/div>\n<\/div>\n<p><img decoding=\"async\" loading=\"lazy\" class=\"aligncenter\" style=\"border: 3px solid black;\" src=\"upload\/pagina_principal_1.jpg\" width=\"543\" height=\"374\" border=\"0\" \/><\/p>\n<p>&nbsp;<\/p>\n<hr \/>\n<p><iframe class=\"wp-embedded-content\" sandbox=\"allow-scripts\" security=\"restricted\" title=\"Normalmente nos mostramos\" frameborder='0' width='1200' height='675' src='https:\/\/view.genially.com\/690502d4ce2822013ff4c2d5#?secret=T7EtZCxelo' data-secret='T7EtZCxelo' scrolling='yes'><\/iframe><\/p>\n<h2>\u00a0<\/h2>\n<h2 style=\"text-align: center;\"><span style=\"color: #0000ff;\">INFORMACI\u00d3N IMPORTANTE &#8211; INGRESANTES 2025<\/span><\/h2>\n<h2 style=\"text-align: center;\"><strong>Para acceder a toda la Info ingres\u00e1 en Secciones-Ingresantes 2025\u00a0<\/strong><\/h2>\n<p><img decoding=\"async\" loading=\"lazy\" class=\"alignnone wp-image-1439 size-medium\" src=\"https:\/\/ens30-sfe.infd.edu.ar\/sitio\/wp-content\/uploads\/2025\/02\/Ingresantes-1000x451.jpg\" alt=\"\" width=\"1000\" height=\"451\" srcset=\"https:\/\/ens30-sfe.infd.edu.ar\/sitio\/wp-content\/uploads\/2025\/02\/Ingresantes-1000x451.jpg 1000w, https:\/\/ens30-sfe.infd.edu.ar\/sitio\/wp-content\/uploads\/2025\/02\/Ingresantes-768x347.jpg 768w, https:\/\/ens30-sfe.infd.edu.ar\/sitio\/wp-content\/uploads\/2025\/02\/Ingresantes.jpg 1194w\" sizes=\"(max-width: 1000px) 100vw, 1000px\" \/><\/p>\n<p>&nbsp;<\/p>\n<p>&nbsp;<\/p>\n<div class=\"tiny_personalizado text_overflow\">\n<p style=\"text-align: center;\">\u00a0<\/p>\n<\/div>\n<hr \/>\n<h1 style=\"text-align: center;\">UN POCO DE HISTORIA.<\/h1>\n<p style=\"text-align: center;\"><span style=\"color: #0000ff; font-size: 10pt;\"><span style=\"font-family: arial,helvetica,sans-serif;\"><strong>ESCUELA NORMAL SUPERIOR Nro 30\u00a0<\/strong><\/span><span style=\"font-family: arial,helvetica,sans-serif;\"><strong>\u00abDOMINGO FAUSTINO SARMIENTO\u00bb<\/strong><\/span><\/span><\/p>\n<p style=\"text-align: center;\"><span style=\"color: #00ccff; font-size: 10pt;\"><strong><span style=\"font-family: arial,helvetica,sans-serif;\">NIVEL SUPERIOR<\/span><\/strong><\/span><\/p>\n<p style=\"text-align: center;\"><span style=\"color: #00ccff; font-size: 10pt;\"><strong><span style=\"font-family: arial,helvetica,sans-serif;\">\u00a0<\/span><\/strong><\/span><\/p>\n<p style=\"text-align: center;\"><span style=\"font-family: 'courier new',courier; font-size: 10pt;\"><em>\u00ab&#8230;Educar es crecer en la perfectibilidad humana, en la capacidad innata de aprender y en el deseo de saber que la anima, en que hay cosas (s\u00edmbolos, t\u00e9cnicas, valores, memorias, hechos&#8230;) que pueden ser sabidos y que merecen serlo, en que los hombres podemos mejorarnos unos a otros por medio del conocimiento\u00bb<\/em><\/span><\/p>\n<p style=\"text-align: justify;\"><span style=\"font-family: arial,helvetica,sans-serif; font-size: 10pt;\">El 9 de julio de 1896 se inaugur\u00f3 la <strong>Escuela Normal Mixta<\/strong> de la Naci\u00f3n, en la ciudad de Esperanza \u2013provincia de Santa Fe-.<\/span><\/p>\n<p style=\"text-align: justify;\"><span style=\"font-family: arial,helvetica,sans-serif; font-size: 10pt;\">Su influencia en la cultura de la ciudad fue muy importante, debido a su gran labor educativa, la cual les concedi\u00f3 grandes oportunidades a los hijos de los trabajadores del campo y de la industria, de esta regi\u00f3n del pa\u00eds. Especialmente en \u00a0la adquisici\u00f3n de mejores conocimientos, los cuales viabilizaban los caminos hacia la educaci\u00f3n superior.<\/span><\/p>\n<p style=\"text-align: justify;\"><span style=\"font-family: arial,helvetica,sans-serif; font-size: 10pt;\">Adem\u00e1s, cabe destacar que la Escuela Normal Mixta, de la ciudad de Esperanza, muy pronto fue prestigiosa. Los maestros que estudiaron en sus aulas, se dirigieron a distintos lugares de la Rep\u00fablica y en todas partes, su labor fue encomiable; acreditando en todos los ambientes el exacto sentido de la responsabilidad que supieron inculcarles sus profesores.<\/span><\/p>\n<p style=\"text-align: justify;\"><span style=\"font-family: arial,helvetica,sans-serif; font-size: 10pt;\">A partir de ese mandato fundacional, la Instituci\u00f3n fue ampliando su estructura y reformulando sus objetivos respondiendo ya a otros mandatos, a lo largo de m\u00e1s de un siglo. Es por ello, que en 1971 se crea el <strong>Profesorado para la Ense\u00f1anza Primaria<\/strong>, y en 1985 el<strong> Profesorado de Educaci\u00f3n Preescolar<\/strong>.<\/span><\/p>\n<p style=\"text-align: justify;\"><span style=\"font-size: 10pt; font-family: arial,helvetica,sans-serif;\"><strong>El\u00a0Nivel\u00a0Superior <\/strong>de esta Instituci\u00f3n de Formaci\u00f3n Docente, forma parte del sistema de<strong>\u00a0educaci\u00f3n p\u00fablica\u00a0de\u00a0gesti\u00f3n estatal.<\/strong><\/span><\/p>\n<p><span style=\"color: #ff9900; font-size: 10pt; font-family: arial,helvetica,sans-serif;\"><strong>LAS CARRERAS QUE SE CURSAN SON:<\/strong><\/span><\/p>\n<ul>\n<li><span style=\"font-size: 10pt; font-family: arial,helvetica,sans-serif;\"><strong>Profesorado en Educaci\u00f3n Primaria<\/strong><\/span><\/li>\n<li><span style=\"font-size: 10pt; font-family: arial,helvetica,sans-serif;\"><strong>Profesorado en Educaci\u00f3n Inicial<\/strong><\/span><\/li>\n<\/ul>\n<hr \/>\n","protected":false},"excerpt":{"rendered":"<p>&nbsp; \u00a0 INFORMACI\u00d3N IMPORTANTE &#8211; INGRESANTES 2025 Para acceder a toda la Info ingres\u00e1 en Secciones-Ingresantes 2025\u00a0 &nbsp; &nbsp; \u00a0 UN POCO DE HISTORIA. ESCUELA NORMAL SUPERIOR Nro 30\u00a0\u00abDOMINGO FAUSTINO SARMIENTO\u00bb NIVEL SUPERIOR \u00a0 \u00ab&#8230;Educar es crecer en la perfectibilidad humana, en la capacidad innata de aprender y en el deseo de saber que la &#8230; <a title=\"Inicio\" class=\"read-more\" href=\"https:\/\/ens30-sfe.infd.edu.ar\/sitio\/\" aria-label=\"More on Inicio\">[+]<\/a><\/p>\n","protected":false},"author":1,"featured_media":0,"parent":0,"menu_order":0,"comment_status":"closed","ping_status":"closed","template":"","meta":[],"acf":[],"_links":{"self":[{"href":"https:\/\/ens30-sfe.infd.edu.ar\/sitio\/wp-json\/wp\/v2\/pages\/286"}],"collection":[{"href":"https:\/\/ens30-sfe.infd.edu.ar\/sitio\/wp-json\/wp\/v2\/pages"}],"about":[{"href":"https:\/\/ens30-sfe.infd.edu.ar\/sitio\/wp-json\/wp\/v2\/types\/page"}],"author":[{"embeddable":true,"href":"https:\/\/ens30-sfe.infd.edu.ar\/sitio\/wp-json\/wp\/v2\/users\/1"}],"replies":[{"embeddable":true,"href":"https:\/\/ens30-sfe.infd.edu.ar\/sitio\/wp-json\/wp\/v2\/comments?post=286"}],"version-history":[{"count":227,"href":"https:\/\/ens30-sfe.infd.edu.ar\/sitio\/wp-json\/wp\/v2\/pages\/286\/revisions"}],"predecessor-version":[{"id":1500,"href":"https:\/\/ens30-sfe.infd.edu.ar\/sitio\/wp-json\/wp\/v2\/pages\/286\/revisions\/1500"}],"wp:attachment":[{"href":"https:\/\/ens30-sfe.infd.edu.ar\/sitio\/wp-json\/wp\/v2\/media?parent=286"}],"curies":[{"name":"wp","href":"https:\/\/api.w.org\/{rel}","templated":true}]}}