{"id":889,"date":"2018-08-31T14:58:49","date_gmt":"2018-08-31T17:58:49","guid":{"rendered":"https:\/\/ens30-sfe.infd.edu.ar\/sitio\/requisitos-de-inscripcion\/"},"modified":"2026-03-12T12:30:39","modified_gmt":"2026-03-12T15:30:39","slug":"requisitos-de-inscripcion","status":"publish","type":"page","link":"https:\/\/ens30-sfe.infd.edu.ar\/sitio\/requisitos-de-inscripcion\/","title":{"rendered":"Requisitos de Inscripci\u00f3n"},"content":{"rendered":"<div style=\"width: 1200px;\" class=\"wp-video\"><!--[if lt IE 9]><script>document.createElement('video');<\/script><![endif]-->\n<video class=\"wp-video-shortcode\" id=\"video-889-1\" width=\"1200\" height=\"675\" autoplay=\"1\" preload=\"metadata\" controls=\"controls\"><source type=\"video\/mp4\" src=\"https:\/\/ens30-sfe.infd.edu.ar\/sitio\/wp-content\/uploads\/2025\/02\/Inscripciones-a-los-Profesorados-1-1.mp4?_=1\" \/><a href=\"https:\/\/ens30-sfe.infd.edu.ar\/sitio\/wp-content\/uploads\/2025\/02\/Inscripciones-a-los-Profesorados-1-1.mp4\">https:\/\/ens30-sfe.infd.edu.ar\/sitio\/wp-content\/uploads\/2025\/02\/Inscripciones-a-los-Profesorados-1-1.mp4<\/a><\/video><\/div>\n<table class=\" aligncenter\" style=\"width: 600px;\" border=\"0\" align=\"center\">\n<tbody>\n<tr style=\"height: 223px;\">\n<td style=\"height: 223px;\"><span style=\"text-decoration: underline; color: #942828; font-size: 12pt;\"><strong><span style=\"font-family: arial,helvetica,sans-serif;\"><img decoding=\"async\" loading=\"lazy\" class=\"alignnone wp-image-1502 \" src=\"https:\/\/ens30-sfe.infd.edu.ar\/sitio\/wp-content\/uploads\/2025\/11\/Inscripciones-2026-1000x1000.png\" alt=\"\" width=\"145\" height=\"145\" srcset=\"https:\/\/ens30-sfe.infd.edu.ar\/sitio\/wp-content\/uploads\/2025\/11\/Inscripciones-2026-1000x1000.png 1000w, https:\/\/ens30-sfe.infd.edu.ar\/sitio\/wp-content\/uploads\/2025\/11\/Inscripciones-2026-500x500.png 500w, https:\/\/ens30-sfe.infd.edu.ar\/sitio\/wp-content\/uploads\/2025\/11\/Inscripciones-2026-768x768.png 768w, https:\/\/ens30-sfe.infd.edu.ar\/sitio\/wp-content\/uploads\/2025\/11\/Inscripciones-2026.png 1080w\" sizes=\"(max-width: 145px) 100vw, 145px\" \/>Documentaci\u00f3n Obligatoria Requerida:<\/span><\/strong><\/span><\/p>\n<ul>\n<li><span style=\"font-size: 10pt; font-family: arial,helvetica,sans-serif;\"><strong><span style=\"font-size: 10pt; font-family: arial,helvetica,sans-serif;\">IMPRIMIR Y COMPLETAR FICHA DE INSCRIPCI\u00d3N<\/span><\/strong> (<a href=\"https:\/\/ens30-sfe.infd.edu.ar\/sitio\/wp-content\/uploads\/2022\/10\/SolicitudInscripcionSigae_1.pdf\">haz clic aqu\u00ed<\/a>).<br \/>\n<\/span><\/li>\n<li><span style=\"font-size: 10pt; font-family: arial,helvetica,sans-serif;\"><span style=\"font-size: 10pt; font-family: arial,helvetica,sans-serif;\">Fotocopia legalizada del t\u00edtulo de Nivel Medio o constancia de certificado en tr\u00e1mite<\/span><br \/>\n<\/span><\/li>\n<li><span style=\"font-size: 10pt; font-family: arial,helvetica,sans-serif;\"><span style=\"font-size: 10pt; font-family: arial,helvetica,sans-serif;\">Fotocopia legalizada del Acta de Nacimiento<\/span><\/span><\/li>\n<li><span style=\"font-size: 10pt; font-family: arial,helvetica,sans-serif;\"><span style=\"font-size: 10pt; font-family: arial,helvetica,sans-serif;\">Fotocopia legalizada de ambos lados del DNI<\/span><br \/>\n<\/span><\/li>\n<li><span style=\"font-size: 10pt; font-family: arial,helvetica,sans-serif;\"><span style=\"font-size: 10pt; font-family: arial,helvetica,sans-serif;\">Certificado de salud<\/span><\/span><\/li>\n<li><span style=\"font-size: 10pt; font-family: arial,helvetica,sans-serif;\"><span style=\"font-size: 10pt; font-family: arial,helvetica,sans-serif;\">Foto carnet 4&#215;4<\/span><br \/>\n<\/span><\/li>\n<li><span style=\"font-size: 10pt; font-family: arial,helvetica,sans-serif;\"><span style=\"font-size: 10pt; font-family: arial,helvetica,sans-serif;\">Un Folio que contenga toda la documentaci\u00f3n indicada anteriormente-.<\/span><\/span><\/li>\n<\/ul>\n<p><span style=\"font-size: 10pt; font-family: arial,helvetica,sans-serif;\"><span style=\"font-size: 10pt; font-family: arial,helvetica,sans-serif;\">La Documentaci\u00f3n se recibe en Preceptor\u00eda de <strong>Lunes a Viernes de 8 a 12 Hs y de 16 a 20 hs<\/strong>.<\/span><\/span><\/p>\n<p><strong><span style=\"color: #0000ff;\">\u00a0 \u00a0 \u00a0 \u00a0 \u00a0 \u00a0 \u00a0 \u00a0 \u00a0 INSCRIPCIONES DE INGRESANTES A PRIMER A\u00d1O 2026<\/span><\/strong><\/p>\n<p><strong><span style=\"color: #0000ff;\">\u00a0 \u00a0 \u00a0 \u00a0 \u00a0 \u00a0 \u00a0 \u00a0 \u00a0 \u00a0 \u00a0 \u00a0 \u00a0 \u00a0 \u00a0 \u00a0 \u00a0 \u00a0ABIERTA LA CONVOCATORIA 2026<\/span><\/strong><\/p>\n<h4><\/h4>\n<p><strong><span style=\"color: #0000ff;\">\u00a0 \u00a0 \u00a0 \u00a0 \u00a0 \u00a0 \u00a0 \u00a0 \u00a0 \u00a0<\/span><\/strong><\/td>\n<\/tr>\n<\/tbody>\n<\/table>\n<p style=\"text-align: center;\">Para culminar el tr\u00e1mite de inscripci\u00f3n 2026 se debe tener en cuenta la cuota voluntaria de Cooperadora.<\/p>\n<p style=\"text-align: center;\">Y por \u00fanica vez\u00a0 una cuota en concepto de gastos administrativos.<\/p>\n<p style=\"text-align: center;\">Los integrantes de Cooperadora estar\u00e1n a su disposici\u00f3n en el inicio del cursado al Curso Introductorio para Primeros A\u00f1os de car\u00e1cter obligatorio.<\/p>\n<table class=\" aligncenter\" style=\"width: 600px;\" border=\"0\" align=\"center\">\n<tbody>\n<tr style=\"background-color: #dadedf;\">\n<td>\n<p style=\"text-align: center;\"><span style=\"font-family: arial, helvetica, sans-serif; font-size: 12pt; color: #ff0000;\"><strong>IMPORTANTE:<\/strong><\/span><\/p>\n<ol>\n<li><span style=\"font-family: arial, helvetica, sans-serif; font-size: 10pt;\"><strong>El Curso Introductorio para Primeros A\u00f1os <\/strong>es de cursado obligatorio para todos los ingresantes, con evaluaci\u00f3n no eliminatoria a dictarse en Marzo 2026<\/span><\/li>\n<\/ol>\n<\/td>\n<\/tr>\n<\/tbody>\n<\/table>\n","protected":false},"excerpt":{"rendered":"<p>Documentaci\u00f3n Obligatoria Requerida: IMPRIMIR Y COMPLETAR FICHA DE INSCRIPCI\u00d3N (haz clic aqu\u00ed). Fotocopia legalizada del t\u00edtulo de Nivel Medio o constancia de certificado en tr\u00e1mite Fotocopia legalizada del Acta de Nacimiento Fotocopia legalizada de ambos lados del DNI Certificado de salud Foto carnet 4&#215;4 Un Folio que contenga toda la documentaci\u00f3n indicada anteriormente-. La Documentaci\u00f3n &#8230; <a title=\"Requisitos de Inscripci\u00f3n\" class=\"read-more\" href=\"https:\/\/ens30-sfe.infd.edu.ar\/sitio\/requisitos-de-inscripcion\/\" aria-label=\"More on Requisitos de Inscripci\u00f3n\">[+]<\/a><\/p>\n","protected":false},"author":417,"featured_media":0,"parent":0,"menu_order":0,"comment_status":"closed","ping_status":"closed","template":"","meta":[],"acf":[],"_links":{"self":[{"href":"https:\/\/ens30-sfe.infd.edu.ar\/sitio\/wp-json\/wp\/v2\/pages\/889"}],"collection":[{"href":"https:\/\/ens30-sfe.infd.edu.ar\/sitio\/wp-json\/wp\/v2\/pages"}],"about":[{"href":"https:\/\/ens30-sfe.infd.edu.ar\/sitio\/wp-json\/wp\/v2\/types\/page"}],"author":[{"embeddable":true,"href":"https:\/\/ens30-sfe.infd.edu.ar\/sitio\/wp-json\/wp\/v2\/users\/417"}],"replies":[{"embeddable":true,"href":"https:\/\/ens30-sfe.infd.edu.ar\/sitio\/wp-json\/wp\/v2\/comments?post=889"}],"version-history":[{"count":31,"href":"https:\/\/ens30-sfe.infd.edu.ar\/sitio\/wp-json\/wp\/v2\/pages\/889\/revisions"}],"predecessor-version":[{"id":1516,"href":"https:\/\/ens30-sfe.infd.edu.ar\/sitio\/wp-json\/wp\/v2\/pages\/889\/revisions\/1516"}],"wp:attachment":[{"href":"https:\/\/ens30-sfe.infd.edu.ar\/sitio\/wp-json\/wp\/v2\/media?parent=889"}],"curies":[{"name":"wp","href":"https:\/\/api.w.org\/{rel}","templated":true}]}}